{"id":799,"date":"2025-01-10T12:15:53","date_gmt":"2025-01-10T10:15:53","guid":{"rendered":"https:\/\/relaiscanalicchio.it\/salle-de-congres\/"},"modified":"2025-03-06T18:07:52","modified_gmt":"2025-03-06T16:07:52","slug":"salle-de-congres","status":"publish","type":"page","link":"https:\/\/relaiscanalicchio.it\/fr\/salle-de-congres\/","title":{"rendered":"Salle de congr\u00e8s"},"content":{"rendered":"\t\t<div data-elementor-type=\"wp-page\" data-elementor-id=\"799\" class=\"elementor elementor-799 elementor-212\" data-elementor-post-type=\"page\">\n\t\t\t\t<div class=\"elementor-element elementor-element-c595c81 e-flex e-con-boxed e-con e-parent\" data-id=\"c595c81\" data-element_type=\"container\" data-e-type=\"container\" data-settings=\"{&quot;background_background&quot;:&quot;classic&quot;}\">\n\t\t\t\t\t<div class=\"e-con-inner\">\n\t\t\t\t\t<\/div>\n\t\t\t\t<\/div>\n\t\t<div class=\"elementor-element elementor-element-6cfda70 e-flex e-con-boxed e-con e-parent\" data-id=\"6cfda70\" data-element_type=\"container\" data-e-type=\"container\">\n\t\t\t\t\t<div class=\"e-con-inner\">\n\t\t<div class=\"elementor-element elementor-element-4c14776 e-con-full e-flex e-con e-child\" data-id=\"4c14776\" data-element_type=\"container\" data-e-type=\"container\">\n\t\t\t\t<div class=\"elementor-element elementor-element-656a3d1 elementor-widget elementor-widget-heading\" data-id=\"656a3d1\" data-element_type=\"widget\" data-e-type=\"widget\" data-widget_type=\"heading.default\">\n\t\t\t\t<div class=\"elementor-widget-container\">\n\t\t\t\t\t<h2 class=\"elementor-heading-title elementor-size-default\">Salle de congr\u00e8s<\/h2>\t\t\t\t<\/div>\n\t\t\t\t<\/div>\n\t\t\t\t<div class=\"elementor-element elementor-element-a0a1871 elementor-widget elementor-widget-text-editor\" data-id=\"a0a1871\" data-element_type=\"widget\" data-e-type=\"widget\" data-widget_type=\"text-editor.default\">\n\t\t\t\t<div class=\"elementor-widget-container\">\n\t\t\t\t\t\t\t\t\t<p>Le Relais Il Canalicchio, nich\u00e9 dans la campagne ombrienne, dispose d&rsquo;une salle de conf\u00e9rence id\u00e9ale pour les \u00e9v\u00e9nements d&rsquo;entreprise pouvant accueillir jusqu&rsquo;\u00e0 100 participants. Pour des r\u00e9unions plus intimes, une salle de r\u00e9union est disponible et peut accueillir jusqu&rsquo;\u00e0 35 personnes. Ces deux espaces sont con\u00e7us pour \u00eatre confortables et fonctionnels, afin de garantir le succ\u00e8s des r\u00e9unions et des conf\u00e9rences dans un environnement \u00e9l\u00e9gant et professionnel.<\/p>\t\t\t\t\t\t\t\t<\/div>\n\t\t\t\t<\/div>\n\t\t\t\t<\/div>\n\t\t<div class=\"elementor-element elementor-element-b79e470 e-con-full e-flex e-con e-child\" data-id=\"b79e470\" data-element_type=\"container\" data-e-type=\"container\">\n\t\t\t\t<div class=\"elementor-element elementor-element-05ebb45 elementor-arrows-position-inside elementor-widget elementor-widget-image-carousel\" data-id=\"05ebb45\" data-element_type=\"widget\" data-e-type=\"widget\" data-settings=\"{&quot;slides_to_show&quot;:&quot;1&quot;,&quot;navigation&quot;:&quot;arrows&quot;,&quot;autoplay&quot;:&quot;yes&quot;,&quot;pause_on_hover&quot;:&quot;yes&quot;,&quot;pause_on_interaction&quot;:&quot;yes&quot;,&quot;autoplay_speed&quot;:5000,&quot;infinite&quot;:&quot;yes&quot;,&quot;effect&quot;:&quot;slide&quot;,&quot;speed&quot;:500}\" data-widget_type=\"image-carousel.default\">\n\t\t\t\t<div class=\"elementor-widget-container\">\n\t\t\t\t\t\t\t<div class=\"elementor-image-carousel-wrapper swiper\" role=\"region\" aria-roledescription=\"carousel\" aria-label=\"Carosello d&#039;immagini\" dir=\"ltr\">\n\t\t\t<div class=\"elementor-image-carousel swiper-wrapper\" aria-live=\"off\">\n\t\t\t\t\t\t\t\t<div class=\"swiper-slide\" role=\"group\" aria-roledescription=\"slide\" aria-label=\"1 sur 1\"><figure class=\"swiper-slide-inner\"><img decoding=\"async\" class=\"swiper-slide-image\" src=\"https:\/\/relaiscanalicchio.it\/wp-content\/uploads\/2025\/01\/RAN7380-1024x683.jpg\" alt=\"_RAN7380\" \/><\/figure><\/div>\t\t\t<\/div>\n\t\t\t\t\t<\/div>\n\t\t\t\t\t\t<\/div>\n\t\t\t\t<\/div>\n\t\t\t\t<\/div>\n\t\t\t\t\t<\/div>\n\t\t\t\t<\/div>\n\t\t\t\t<\/div>\n\t\t","protected":false},"excerpt":{"rendered":"<p>Salle de congr\u00e8s Le Relais Il Canalicchio, nich\u00e9 dans la campagne ombrienne, dispose d&rsquo;une salle de conf\u00e9rence id\u00e9ale pour les \u00e9v\u00e9nements d&rsquo;entreprise pouvant accueillir jusqu&rsquo;\u00e0 100 participants. Pour des r\u00e9unions plus intimes, une salle de r\u00e9union est disponible et peut accueillir jusqu&rsquo;\u00e0 35 personnes. Ces deux espaces sont con\u00e7us pour \u00eatre confortables et fonctionnels, afin [&hellip;]<\/p>\n","protected":false},"author":1,"featured_media":0,"parent":0,"menu_order":0,"comment_status":"closed","ping_status":"closed","template":"","meta":{"_acf_changed":false,"footnotes":""},"class_list":["post-799","page","type-page","status-publish","hentry"],"acf":[],"_links":{"self":[{"href":"https:\/\/relaiscanalicchio.it\/fr\/wp-json\/wp\/v2\/pages\/799","targetHints":{"allow":["GET"]}}],"collection":[{"href":"https:\/\/relaiscanalicchio.it\/fr\/wp-json\/wp\/v2\/pages"}],"about":[{"href":"https:\/\/relaiscanalicchio.it\/fr\/wp-json\/wp\/v2\/types\/page"}],"author":[{"embeddable":true,"href":"https:\/\/relaiscanalicchio.it\/fr\/wp-json\/wp\/v2\/users\/1"}],"replies":[{"embeddable":true,"href":"https:\/\/relaiscanalicchio.it\/fr\/wp-json\/wp\/v2\/comments?post=799"}],"version-history":[{"count":2,"href":"https:\/\/relaiscanalicchio.it\/fr\/wp-json\/wp\/v2\/pages\/799\/revisions"}],"predecessor-version":[{"id":876,"href":"https:\/\/relaiscanalicchio.it\/fr\/wp-json\/wp\/v2\/pages\/799\/revisions\/876"}],"wp:attachment":[{"href":"https:\/\/relaiscanalicchio.it\/fr\/wp-json\/wp\/v2\/media?parent=799"}],"curies":[{"name":"wp","href":"https:\/\/api.w.org\/{rel}","templated":true}]}}