{"id":786,"date":"2025-01-10T12:13:41","date_gmt":"2025-01-10T10:13:41","guid":{"rendered":"https:\/\/relaiscanalicchio.it\/mariage\/"},"modified":"2025-03-06T18:07:48","modified_gmt":"2025-03-06T16:07:48","slug":"mariage","status":"publish","type":"page","link":"https:\/\/relaiscanalicchio.it\/fr\/mariage\/","title":{"rendered":"Mariage"},"content":{"rendered":"\t\t<div data-elementor-type=\"wp-page\" data-elementor-id=\"786\" class=\"elementor elementor-786 elementor-196\" data-elementor-post-type=\"page\">\n\t\t\t\t<div class=\"elementor-element elementor-element-c595c81 e-flex e-con-boxed e-con e-parent\" data-id=\"c595c81\" data-element_type=\"container\" data-e-type=\"container\" data-settings=\"{&quot;background_background&quot;:&quot;classic&quot;}\">\n\t\t\t\t\t<div class=\"e-con-inner\">\n\t\t\t\t\t<\/div>\n\t\t\t\t<\/div>\n\t\t<div class=\"elementor-element elementor-element-6cfda70 e-flex e-con-boxed e-con e-parent\" data-id=\"6cfda70\" data-element_type=\"container\" data-e-type=\"container\">\n\t\t\t\t\t<div class=\"e-con-inner\">\n\t\t<div class=\"elementor-element elementor-element-4c14776 e-con-full e-flex e-con e-child\" data-id=\"4c14776\" data-element_type=\"container\" data-e-type=\"container\">\n\t\t\t\t<div class=\"elementor-element elementor-element-656a3d1 elementor-widget elementor-widget-heading\" data-id=\"656a3d1\" data-element_type=\"widget\" data-e-type=\"widget\" data-widget_type=\"heading.default\">\n\t\t\t\t<div class=\"elementor-widget-container\">\n\t\t\t\t\t<h2 class=\"elementor-heading-title elementor-size-default\">Mariage<\/h2>\t\t\t\t<\/div>\n\t\t\t\t<\/div>\n\t\t\t\t<div class=\"elementor-element elementor-element-a0a1871 elementor-widget elementor-widget-text-editor\" data-id=\"a0a1871\" data-element_type=\"widget\" data-e-type=\"widget\" data-widget_type=\"text-editor.default\">\n\t\t\t\t<div class=\"elementor-widget-container\">\n\t\t\t\t\t\t\t\t\t<p>Le Relais Il Canalicchio, nich\u00e9 dans la campagne ombrienne, est un lieu id\u00e9al pour les mariages, gr\u00e2ce \u00e0 son ambiance \u00e9l\u00e9gante et sereine. Situ\u00e9 dans un ancien hameau m\u00e9di\u00e9val, il offre des espaces \u00e9vocateurs parfaits pour c\u00e9l\u00e9brer votre journ\u00e9e sp\u00e9ciale. <\/p>\n<p><strong>Espaces et capacit\u00e9<\/strong><br>Le lieu dispose d&rsquo;une grande salle bien \u00e9clair\u00e9e avec une vue panoramique sur la campagne ombrienne, id\u00e9ale pour accueillir le banquet de mariage dans une atmosph\u00e8re chaleureuse et relaxante.<\/p>\n<p><strong>Services propos\u00e9s<\/strong><br>Le Relais s&rsquo;engage \u00e0 r\u00e9pondre \u00e0 tous vos besoins, en vous proposant :<\/p>\n<ul>\n<li>Agencement \u00e9l\u00e9gant des pi\u00e8ces.<\/li>\n<li>Service de restauration de haut niveau.<\/li>\n<li>Personnel qualifi\u00e9 et professionnel.<\/li>\n<\/ul>\n<p>En outre, l&rsquo;h\u00f4tel dispose de 31 chambres et de 16 suites de campagne \u00e9l\u00e9gamment meubl\u00e9es, id\u00e9ales pour les personnes qui passent la nuit \u00e0 l&rsquo;h\u00f4tel.<\/p>\t\t\t\t\t\t\t\t<\/div>\n\t\t\t\t<\/div>\n\t\t\t\t<\/div>\n\t\t<div class=\"elementor-element elementor-element-b79e470 e-con-full e-flex e-con e-child\" data-id=\"b79e470\" data-element_type=\"container\" data-e-type=\"container\">\n\t\t\t\t<div class=\"elementor-element elementor-element-05ebb45 elementor-arrows-position-inside elementor-widget elementor-widget-image-carousel\" data-id=\"05ebb45\" data-element_type=\"widget\" data-e-type=\"widget\" data-settings=\"{&quot;slides_to_show&quot;:&quot;1&quot;,&quot;navigation&quot;:&quot;arrows&quot;,&quot;autoplay&quot;:&quot;yes&quot;,&quot;pause_on_hover&quot;:&quot;yes&quot;,&quot;pause_on_interaction&quot;:&quot;yes&quot;,&quot;autoplay_speed&quot;:5000,&quot;infinite&quot;:&quot;yes&quot;,&quot;effect&quot;:&quot;slide&quot;,&quot;speed&quot;:500}\" data-widget_type=\"image-carousel.default\">\n\t\t\t\t<div class=\"elementor-widget-container\">\n\t\t\t\t\t\t\t<div class=\"elementor-image-carousel-wrapper swiper\" role=\"region\" aria-roledescription=\"carousel\" aria-label=\"Carosello d&#039;immagini\" dir=\"ltr\">\n\t\t\t<div class=\"elementor-image-carousel swiper-wrapper\" aria-live=\"off\">\n\t\t\t\t\t\t\t\t<div class=\"swiper-slide\" role=\"group\" aria-roledescription=\"slide\" aria-label=\"1 sur 10\"><figure class=\"swiper-slide-inner\"><img decoding=\"async\" class=\"swiper-slide-image\" src=\"https:\/\/relaiscanalicchio.it\/wp-content\/uploads\/2025\/01\/Relais-di-Canalicchio0057-1024x683.jpg\" alt=\"Relais di Canalicchio0057\" \/><\/figure><\/div><div class=\"swiper-slide\" role=\"group\" aria-roledescription=\"slide\" aria-label=\"2 sur 10\"><figure class=\"swiper-slide-inner\"><img decoding=\"async\" class=\"swiper-slide-image\" src=\"https:\/\/relaiscanalicchio.it\/wp-content\/uploads\/2025\/01\/Relais-di-Canalicchio0082-1024x683.jpg\" alt=\"Relais di Canalicchio0082\" \/><\/figure><\/div><div class=\"swiper-slide\" role=\"group\" aria-roledescription=\"slide\" aria-label=\"3 sur 10\"><figure class=\"swiper-slide-inner\"><img decoding=\"async\" class=\"swiper-slide-image\" src=\"https:\/\/relaiscanalicchio.it\/wp-content\/uploads\/2025\/01\/Relais-di-Canalicchio0083-1024x683.jpg\" alt=\"Relais di Canalicchio0083\" \/><\/figure><\/div><div class=\"swiper-slide\" role=\"group\" aria-roledescription=\"slide\" aria-label=\"4 sur 10\"><figure class=\"swiper-slide-inner\"><img decoding=\"async\" class=\"swiper-slide-image\" src=\"https:\/\/relaiscanalicchio.it\/wp-content\/uploads\/2025\/01\/Relais-di-Canalicchio0089-1024x683.jpg\" alt=\"Relais di Canalicchio0089\" \/><\/figure><\/div><div class=\"swiper-slide\" role=\"group\" aria-roledescription=\"slide\" aria-label=\"5 sur 10\"><figure class=\"swiper-slide-inner\"><img decoding=\"async\" class=\"swiper-slide-image\" src=\"https:\/\/relaiscanalicchio.it\/wp-content\/uploads\/2025\/01\/Relais-di-Canalicchio0103-1024x682.jpg\" alt=\"Relais di Canalicchio0103\" \/><\/figure><\/div><div class=\"swiper-slide\" role=\"group\" aria-roledescription=\"slide\" aria-label=\"6 sur 10\"><figure class=\"swiper-slide-inner\"><img decoding=\"async\" class=\"swiper-slide-image\" src=\"https:\/\/relaiscanalicchio.it\/wp-content\/uploads\/2025\/01\/Relais-di-Canalicchio0106-1024x682.jpg\" alt=\"Relais di Canalicchio0106\" \/><\/figure><\/div><div class=\"swiper-slide\" role=\"group\" aria-roledescription=\"slide\" aria-label=\"7 sur 10\"><figure class=\"swiper-slide-inner\"><img decoding=\"async\" class=\"swiper-slide-image\" src=\"https:\/\/relaiscanalicchio.it\/wp-content\/uploads\/2025\/01\/Relais-di-Canalicchio0110-1024x683.jpg\" alt=\"Relais di Canalicchio0110\" \/><\/figure><\/div><div class=\"swiper-slide\" role=\"group\" aria-roledescription=\"slide\" aria-label=\"8 sur 10\"><figure class=\"swiper-slide-inner\"><img decoding=\"async\" class=\"swiper-slide-image\" src=\"https:\/\/relaiscanalicchio.it\/wp-content\/uploads\/2025\/01\/Relais-di-Canalicchio0111-1024x683.jpg\" alt=\"Relais di Canalicchio0111\" \/><\/figure><\/div><div class=\"swiper-slide\" role=\"group\" aria-roledescription=\"slide\" aria-label=\"9 sur 10\"><figure class=\"swiper-slide-inner\"><img decoding=\"async\" class=\"swiper-slide-image\" src=\"https:\/\/relaiscanalicchio.it\/wp-content\/uploads\/2025\/01\/Relais-di-Canalicchio0115-1024x683.jpg\" alt=\"Relais di Canalicchio0115\" \/><\/figure><\/div><div class=\"swiper-slide\" role=\"group\" aria-roledescription=\"slide\" aria-label=\"10 sur 10\"><figure class=\"swiper-slide-inner\"><img decoding=\"async\" class=\"swiper-slide-image\" src=\"https:\/\/relaiscanalicchio.it\/wp-content\/uploads\/2025\/01\/Relais-di-Canalicchio0127-1024x683.jpg\" alt=\"Relais di Canalicchio0127\" \/><\/figure><\/div>\t\t\t<\/div>\n\t\t\t\t\t\t\t\t\t\t\t\t<div class=\"elementor-swiper-button elementor-swiper-button-prev\" role=\"button\" tabindex=\"0\">\n\t\t\t\t\t\t<svg aria-hidden=\"true\" class=\"e-font-icon-svg e-eicon-chevron-left\" viewBox=\"0 0 1000 1000\" xmlns=\"http:\/\/www.w3.org\/2000\/svg\"><path d=\"M646 125C629 125 613 133 604 142L308 442C296 454 292 471 292 487 292 504 296 521 308 533L604 854C617 867 629 875 646 875 663 875 679 871 692 858 704 846 713 829 713 812 713 796 708 779 692 767L438 487 692 225C700 217 708 204 708 187 708 171 704 154 692 142 675 129 663 125 646 125Z\"><\/path><\/svg>\t\t\t\t\t<\/div>\n\t\t\t\t\t<div class=\"elementor-swiper-button elementor-swiper-button-next\" role=\"button\" tabindex=\"0\">\n\t\t\t\t\t\t<svg aria-hidden=\"true\" class=\"e-font-icon-svg e-eicon-chevron-right\" viewBox=\"0 0 1000 1000\" xmlns=\"http:\/\/www.w3.org\/2000\/svg\"><path d=\"M696 533C708 521 713 504 713 487 713 471 708 454 696 446L400 146C388 133 375 125 354 125 338 125 325 129 313 142 300 154 292 171 292 187 292 204 296 221 308 233L563 492 304 771C292 783 288 800 288 817 288 833 296 850 308 863 321 871 338 875 354 875 371 875 388 867 400 854L696 533Z\"><\/path><\/svg>\t\t\t\t\t<\/div>\n\t\t\t\t\n\t\t\t\t\t\t\t\t\t<\/div>\n\t\t\t\t\t\t<\/div>\n\t\t\t\t<\/div>\n\t\t\t\t<\/div>\n\t\t\t\t\t<\/div>\n\t\t\t\t<\/div>\n\t\t\t\t<\/div>\n\t\t","protected":false},"excerpt":{"rendered":"<p>Mariage Le Relais Il Canalicchio, nich\u00e9 dans la campagne ombrienne, est un lieu id\u00e9al pour les mariages, gr\u00e2ce \u00e0 son ambiance \u00e9l\u00e9gante et sereine. Situ\u00e9 dans un ancien hameau m\u00e9di\u00e9val, il offre des espaces \u00e9vocateurs parfaits pour c\u00e9l\u00e9brer votre journ\u00e9e sp\u00e9ciale. Espaces et capacit\u00e9Le lieu dispose d&rsquo;une grande salle bien \u00e9clair\u00e9e avec une vue panoramique [&hellip;]<\/p>\n","protected":false},"author":1,"featured_media":0,"parent":0,"menu_order":0,"comment_status":"closed","ping_status":"closed","template":"","meta":{"_acf_changed":false,"footnotes":""},"class_list":["post-786","page","type-page","status-publish","hentry"],"acf":[],"_links":{"self":[{"href":"https:\/\/relaiscanalicchio.it\/fr\/wp-json\/wp\/v2\/pages\/786","targetHints":{"allow":["GET"]}}],"collection":[{"href":"https:\/\/relaiscanalicchio.it\/fr\/wp-json\/wp\/v2\/pages"}],"about":[{"href":"https:\/\/relaiscanalicchio.it\/fr\/wp-json\/wp\/v2\/types\/page"}],"author":[{"embeddable":true,"href":"https:\/\/relaiscanalicchio.it\/fr\/wp-json\/wp\/v2\/users\/1"}],"replies":[{"embeddable":true,"href":"https:\/\/relaiscanalicchio.it\/fr\/wp-json\/wp\/v2\/comments?post=786"}],"version-history":[{"count":2,"href":"https:\/\/relaiscanalicchio.it\/fr\/wp-json\/wp\/v2\/pages\/786\/revisions"}],"predecessor-version":[{"id":870,"href":"https:\/\/relaiscanalicchio.it\/fr\/wp-json\/wp\/v2\/pages\/786\/revisions\/870"}],"wp:attachment":[{"href":"https:\/\/relaiscanalicchio.it\/fr\/wp-json\/wp\/v2\/media?parent=786"}],"curies":[{"name":"wp","href":"https:\/\/api.w.org\/{rel}","templated":true}]}}