{"id":783,"date":"2025-01-10T12:07:24","date_gmt":"2025-01-10T10:07:24","guid":{"rendered":"https:\/\/relaiscanalicchio.it\/centre-de-bien-etre\/"},"modified":"2025-11-10T10:54:22","modified_gmt":"2025-11-10T08:54:22","slug":"centre-de-bien-etre","status":"publish","type":"page","link":"https:\/\/relaiscanalicchio.it\/fr\/centre-de-bien-etre\/","title":{"rendered":"Centre de bien-\u00eatre"},"content":{"rendered":"\t\t<div data-elementor-type=\"wp-page\" data-elementor-id=\"783\" class=\"elementor elementor-783 elementor-186\" data-elementor-post-type=\"page\">\n\t\t\t\t<div class=\"elementor-element elementor-element-c595c81 e-flex e-con-boxed e-con e-parent\" data-id=\"c595c81\" data-element_type=\"container\" data-e-type=\"container\" data-settings=\"{&quot;background_background&quot;:&quot;classic&quot;}\">\n\t\t\t\t\t<div class=\"e-con-inner\">\n\t\t\t\t\t<\/div>\n\t\t\t\t<\/div>\n\t\t<div class=\"elementor-element elementor-element-6cfda70 e-flex e-con-boxed e-con e-parent\" data-id=\"6cfda70\" data-element_type=\"container\" data-e-type=\"container\">\n\t\t\t\t\t<div class=\"e-con-inner\">\n\t\t<div class=\"elementor-element elementor-element-4c14776 e-con-full e-flex e-con e-child\" data-id=\"4c14776\" data-element_type=\"container\" data-e-type=\"container\">\n\t\t\t\t<div class=\"elementor-element elementor-element-656a3d1 elementor-widget elementor-widget-heading\" data-id=\"656a3d1\" data-element_type=\"widget\" data-e-type=\"widget\" data-widget_type=\"heading.default\">\n\t\t\t\t<div class=\"elementor-widget-container\">\n\t\t\t\t\t<h2 class=\"elementor-heading-title elementor-size-default\">Centre de bien-\u00eatre<\/h2>\t\t\t\t<\/div>\n\t\t\t\t<\/div>\n\t\t\t\t<div class=\"elementor-element elementor-element-a0a1871 elementor-widget elementor-widget-text-editor\" data-id=\"a0a1871\" data-element_type=\"widget\" data-e-type=\"widget\" data-widget_type=\"text-editor.default\">\n\t\t\t\t<div class=\"elementor-widget-container\">\n\t\t\t\t\t\t\t\t\t<p><em>Le centre de bien-\u00eatre du Relais Il <span class=\"il\">Canalicchio<\/span>, situ\u00e9 dans la pittoresque campagne ombrienne, offre une oasis de d\u00e9tente et de r\u00e9g\u00e9n\u00e9ration \u00e0 ses h\u00f4tes.<br>D\u00e9couvrez l&rsquo;excellence en mati\u00e8re de bien-\u00eatre avec nos massages revitalisants et les rituels exclusifs de la m\u00e9thode DIABASI\u00ae : des traitements con\u00e7us pour d\u00e9tendre, r\u00e9\u00e9quilibrer et r\u00e9g\u00e9n\u00e9rer le corps et l&rsquo;esprit.<br>Pour une exp\u00e9rience encore plus compl\u00e8te, combinez le massage avec les soins de notre spa, qui comprend un bain turc aromatique, un sauna et un jacuzzi atmosph\u00e9rique.<br>L&rsquo;h\u00f4tel dispose \u00e9galement de deux piscines panoramiques entour\u00e9es de verdure, offrant une vue imprenable sur les collines environnantes et constituant un refuge rafra\u00eechissant pendant les chaudes journ\u00e9es d&rsquo;\u00e9t\u00e9.<br>Une salle de sport enti\u00e8rement \u00e9quip\u00e9e est \u00e0 la disposition de ceux qui souhaitent se maintenir en forme.<br>Le centre de bien-\u00eatre du Relais Il <span class=\"il\">Canalicchio<\/span> est l&rsquo;endroit id\u00e9al pour ceux qui recherchent une exp\u00e9rience de relaxation compl\u00e8te, immerg\u00e9s dans la tranquillit\u00e9 de la nature ombrienne.<br>Choisissez l&rsquo;exp\u00e9rience qui vous convient le mieux et offrez-vous un moment de pure d\u00e9tente.<\/em><\/p>\t\t\t\t\t\t\t\t<\/div>\n\t\t\t\t<\/div>\n\t\t\t\t<div class=\"elementor-element elementor-element-11f9e2e elementor-widget elementor-widget-button\" data-id=\"11f9e2e\" data-element_type=\"widget\" data-e-type=\"widget\" data-widget_type=\"button.default\">\n\t\t\t\t<div class=\"elementor-widget-container\">\n\t\t\t\t\t\t\t\t\t<div class=\"elementor-button-wrapper\">\n\t\t\t\t\t<a class=\"elementor-button elementor-button-link elementor-size-sm\" href=\"https:\/\/ilbranddelmassaggioprofessionale.diabasi.it\/relais-il-canalicchio-it\/\" target=\"_blank\" rel=\"noopener\">\n\t\t\t\t\t\t<span class=\"elementor-button-content-wrapper\">\n\t\t\t\t\t\t\t\t\t<span class=\"elementor-button-text\">voir la brochure<\/span>\n\t\t\t\t\t<\/span>\n\t\t\t\t\t<\/a>\n\t\t\t\t<\/div>\n\t\t\t\t\t\t\t\t<\/div>\n\t\t\t\t<\/div>\n\t\t\t\t<\/div>\n\t\t<div class=\"elementor-element elementor-element-b79e470 e-con-full e-flex e-con e-child\" data-id=\"b79e470\" data-element_type=\"container\" data-e-type=\"container\">\n\t\t\t\t<div class=\"elementor-element elementor-element-05ebb45 elementor-arrows-position-inside elementor-widget elementor-widget-image-carousel\" data-id=\"05ebb45\" data-element_type=\"widget\" data-e-type=\"widget\" data-settings=\"{&quot;slides_to_show&quot;:&quot;1&quot;,&quot;navigation&quot;:&quot;arrows&quot;,&quot;autoplay&quot;:&quot;yes&quot;,&quot;pause_on_hover&quot;:&quot;yes&quot;,&quot;pause_on_interaction&quot;:&quot;yes&quot;,&quot;autoplay_speed&quot;:5000,&quot;infinite&quot;:&quot;yes&quot;,&quot;effect&quot;:&quot;slide&quot;,&quot;speed&quot;:500}\" data-widget_type=\"image-carousel.default\">\n\t\t\t\t<div class=\"elementor-widget-container\">\n\t\t\t\t\t\t\t<div class=\"elementor-image-carousel-wrapper swiper\" role=\"region\" aria-roledescription=\"carousel\" aria-label=\"Carosello d&#039;immagini\" dir=\"ltr\">\n\t\t\t<div class=\"elementor-image-carousel swiper-wrapper\" aria-live=\"off\">\n\t\t\t\t\t\t\t\t<div class=\"swiper-slide\" role=\"group\" aria-roledescription=\"slide\" aria-label=\"1 sur 4\"><figure class=\"swiper-slide-inner\"><img decoding=\"async\" class=\"swiper-slide-image\" src=\"https:\/\/relaiscanalicchio.it\/wp-content\/uploads\/2025\/01\/RAN7403-1024x683.jpg\" alt=\"_RAN7403\" \/><\/figure><\/div><div class=\"swiper-slide\" role=\"group\" aria-roledescription=\"slide\" aria-label=\"2 sur 4\"><figure class=\"swiper-slide-inner\"><img decoding=\"async\" class=\"swiper-slide-image\" src=\"https:\/\/relaiscanalicchio.it\/wp-content\/uploads\/2025\/01\/RAN7426-1024x683.jpg\" alt=\"_RAN7426\" \/><\/figure><\/div><div class=\"swiper-slide\" role=\"group\" aria-roledescription=\"slide\" aria-label=\"3 sur 4\"><figure class=\"swiper-slide-inner\"><img decoding=\"async\" class=\"swiper-slide-image\" src=\"https:\/\/relaiscanalicchio.it\/wp-content\/uploads\/2025\/01\/RAN7430-1024x683.jpg\" alt=\"_RAN7430\" \/><\/figure><\/div><div class=\"swiper-slide\" role=\"group\" aria-roledescription=\"slide\" aria-label=\"4 sur 4\"><figure class=\"swiper-slide-inner\"><img decoding=\"async\" class=\"swiper-slide-image\" src=\"https:\/\/relaiscanalicchio.it\/wp-content\/uploads\/2025\/01\/RAN7507-1024x683.jpg\" alt=\"_RAN7507\" \/><\/figure><\/div>\t\t\t<\/div>\n\t\t\t\t\t\t\t\t\t\t\t\t<div class=\"elementor-swiper-button elementor-swiper-button-prev\" role=\"button\" tabindex=\"0\">\n\t\t\t\t\t\t<svg aria-hidden=\"true\" class=\"e-font-icon-svg e-eicon-chevron-left\" viewBox=\"0 0 1000 1000\" xmlns=\"http:\/\/www.w3.org\/2000\/svg\"><path d=\"M646 125C629 125 613 133 604 142L308 442C296 454 292 471 292 487 292 504 296 521 308 533L604 854C617 867 629 875 646 875 663 875 679 871 692 858 704 846 713 829 713 812 713 796 708 779 692 767L438 487 692 225C700 217 708 204 708 187 708 171 704 154 692 142 675 129 663 125 646 125Z\"><\/path><\/svg>\t\t\t\t\t<\/div>\n\t\t\t\t\t<div class=\"elementor-swiper-button elementor-swiper-button-next\" role=\"button\" tabindex=\"0\">\n\t\t\t\t\t\t<svg aria-hidden=\"true\" class=\"e-font-icon-svg e-eicon-chevron-right\" viewBox=\"0 0 1000 1000\" xmlns=\"http:\/\/www.w3.org\/2000\/svg\"><path d=\"M696 533C708 521 713 504 713 487 713 471 708 454 696 446L400 146C388 133 375 125 354 125 338 125 325 129 313 142 300 154 292 171 292 187 292 204 296 221 308 233L563 492 304 771C292 783 288 800 288 817 288 833 296 850 308 863 321 871 338 875 354 875 371 875 388 867 400 854L696 533Z\"><\/path><\/svg>\t\t\t\t\t<\/div>\n\t\t\t\t\n\t\t\t\t\t\t\t\t\t<\/div>\n\t\t\t\t\t\t<\/div>\n\t\t\t\t<\/div>\n\t\t\t\t<\/div>\n\t\t\t\t\t<\/div>\n\t\t\t\t<\/div>\n\t\t<div class=\"elementor-element elementor-element-64541d9 e-flex e-con-boxed e-con e-parent\" data-id=\"64541d9\" data-element_type=\"container\" data-e-type=\"container\">\n\t\t\t\t\t<div class=\"e-con-inner\">\n\t\t\t\t<div class=\"elementor-element elementor-element-181d524 elementor-widget elementor-widget-text-editor\" data-id=\"181d524\" data-element_type=\"widget\" data-e-type=\"widget\" data-widget_type=\"text-editor.default\">\n\t\t\t\t<div class=\"elementor-widget-container\">\n\t\t\t\t\t\t\t\t\t<p>Offrez-vous une exp\u00e9rience de tranquillit\u00e9 et de bien-\u00eatre : r\u00e9servez d\u00e8s maintenant votre moment de d\u00e9tente.<\/p>\t\t\t\t\t\t\t\t<\/div>\n\t\t\t\t<\/div>\n\t\t\t\t\t<\/div>\n\t\t\t\t<\/div>\n\t\t\t\t<\/div>\n\t\t","protected":false},"excerpt":{"rendered":"<p>Centre de bien-\u00eatre Le centre de bien-\u00eatre du Relais Il Canalicchio, situ\u00e9 dans la pittoresque campagne ombrienne, offre une oasis de d\u00e9tente et de r\u00e9g\u00e9n\u00e9ration \u00e0 ses h\u00f4tes.D\u00e9couvrez l&rsquo;excellence en mati\u00e8re de bien-\u00eatre avec nos massages revitalisants et les rituels exclusifs de la m\u00e9thode DIABASI\u00ae : des traitements con\u00e7us pour d\u00e9tendre, r\u00e9\u00e9quilibrer et r\u00e9g\u00e9n\u00e9rer le [&hellip;]<\/p>\n","protected":false},"author":1,"featured_media":0,"parent":0,"menu_order":0,"comment_status":"closed","ping_status":"closed","template":"","meta":{"_acf_changed":false,"footnotes":""},"class_list":["post-783","page","type-page","status-publish","hentry"],"acf":[],"_links":{"self":[{"href":"https:\/\/relaiscanalicchio.it\/fr\/wp-json\/wp\/v2\/pages\/783","targetHints":{"allow":["GET"]}}],"collection":[{"href":"https:\/\/relaiscanalicchio.it\/fr\/wp-json\/wp\/v2\/pages"}],"about":[{"href":"https:\/\/relaiscanalicchio.it\/fr\/wp-json\/wp\/v2\/types\/page"}],"author":[{"embeddable":true,"href":"https:\/\/relaiscanalicchio.it\/fr\/wp-json\/wp\/v2\/users\/1"}],"replies":[{"embeddable":true,"href":"https:\/\/relaiscanalicchio.it\/fr\/wp-json\/wp\/v2\/comments?post=783"}],"version-history":[{"count":8,"href":"https:\/\/relaiscanalicchio.it\/fr\/wp-json\/wp\/v2\/pages\/783\/revisions"}],"predecessor-version":[{"id":2116,"href":"https:\/\/relaiscanalicchio.it\/fr\/wp-json\/wp\/v2\/pages\/783\/revisions\/2116"}],"wp:attachment":[{"href":"https:\/\/relaiscanalicchio.it\/fr\/wp-json\/wp\/v2\/media?parent=783"}],"curies":[{"name":"wp","href":"https:\/\/api.w.org\/{rel}","templated":true}]}}